{"id":146,"date":"2023-10-26T13:32:04","date_gmt":"2023-10-26T13:32:04","guid":{"rendered":"https:\/\/holidayshomefuerteventura.es\/contact-us\/"},"modified":"2025-10-24T11:34:55","modified_gmt":"2025-10-24T11:34:55","slug":"contact-us","status":"publish","type":"page","link":"https:\/\/holidayshomefuerteventura.es\/en\/contact-us\/","title":{"rendered":"Contact us"},"content":{"rendered":"<p>[et_pb_section fb_built=&#8221;1&#8243; fullwidth=&#8221;on&#8221; _builder_version=&#8221;4.16&#8243; background_color=&#8221;#2ea3f2&#8243; use_background_color_gradient=&#8221;on&#8221; background_color_gradient_direction=&#8221;330deg&#8221; background_color_gradient_stops=&#8221;#2ea3f2 0%|#2e6df4 100%&#8221; background_color_gradient_start=&#8221;#2ea3f2&#8243; background_color_gradient_end=&#8221;#2e6df4&#8243; global_colors_info=&#8221;{}&#8221;][et_pb_fullwidth_header title=&#8221;Contact us&#8221; subhead=&#8221;Holidays Home Fuerteventura&#8221; content_max_width=&#8221;none&#8221; _builder_version=&#8221;4.23&#8243; background_color=&#8221;rgba(0,0,0,0.81)&#8221; background_image=&#8221;https:\/\/holidayshomefuerteventura.es\/wp-content\/uploads\/2023\/10\/contacto-jpg.webp&#8221; background_position=&#8221;bottom_left&#8221; background_blend=&#8221;overlay&#8221; global_colors_info=&#8221;{}&#8221; button_one_text_size__hover_enabled=&#8221;off&#8221; button_two_text_size__hover_enabled=&#8221;off&#8221; button_one_text_color__hover_enabled=&#8221;off&#8221; button_two_text_color__hover_enabled=&#8221;off&#8221; button_one_border_width__hover_enabled=&#8221;off&#8221; button_two_border_width__hover_enabled=&#8221;off&#8221; button_one_border_color__hover_enabled=&#8221;off&#8221; button_two_border_color__hover_enabled=&#8221;off&#8221; button_one_border_radius__hover_enabled=&#8221;off&#8221; button_two_border_radius__hover_enabled=&#8221;off&#8221; button_one_letter_spacing__hover_enabled=&#8221;off&#8221; button_two_letter_spacing__hover_enabled=&#8221;off&#8221; button_one_bg_color__hover_enabled=&#8221;off&#8221; button_two_bg_color__hover_enabled=&#8221;off&#8221;][\/et_pb_fullwidth_header][\/et_pb_section][et_pb_section fb_built=&#8221;1&#8243; fullwidth=&#8221;on&#8221; _builder_version=&#8221;4.16&#8243; global_colors_info=&#8221;{}&#8221;][et_pb_fullwidth_map address=&#8221;Av. Juan Carlos I, 3, 35660 Corralejo, Las Palmas, Espa\u00f1a&#8221; zoom_level=&#8221;13&#8243; address_lat=&#8221;28.7415629&#8243; address_lng=&#8221;-13.8707224&#8243; _builder_version=&#8221;4.23&#8243; global_colors_info=&#8221;{}&#8221;][et_pb_map_pin title=&#8221;Our Location&#8221; pin_address=&#8221;Av. Juan Carlos I, 3, 35660 Corralejo, Las Palmas, Espa\u00f1a&#8221; zoom_level=&#8221;7&#8243; pin_address_lat=&#8221;28.7415629&#8243; pin_address_lng=&#8221;-13.8707224&#8243; _builder_version=&#8221;4.23&#8243; global_colors_info=&#8221;{}&#8221;][\/et_pb_map_pin][\/et_pb_fullwidth_map][\/et_pb_section][et_pb_section fb_built=&#8221;1&#8243; _builder_version=&#8221;4.16&#8243; global_colors_info=&#8221;{}&#8221;][et_pb_row column_structure=&#8221;2_3,1_3&#8243; _builder_version=&#8221;4.23&#8243; background_size=&#8221;initial&#8221; background_position=&#8221;top_left&#8221; background_repeat=&#8221;repeat&#8221; global_colors_info=&#8221;{}&#8221;][et_pb_column type=&#8221;2_3&#8243; _builder_version=&#8221;4.23&#8243; custom_padding=&#8221;|||&#8221; global_colors_info=&#8221;{}&#8221; custom_padding__hover=&#8221;|||&#8221;][et_pb_contact_form use_spam_service=&#8221;on&#8221; recaptcha_list=&#8221;Default-0&#8243; email=&#8221;info@holidayshomefuerteventura.com&#8221; title=&#8221;Contact us&#8221; module_id=&#8221;et_pb_contact_form_0&#8243; _builder_version=&#8221;4.23&#8243; form_field_background_color=&#8221;#f7f7f7&#8243; form_field_font=&#8221;||||||||&#8221; custom_button=&#8221;on&#8221; button_text_color=&#8221;#0C71C3&#8243; form_background_color=&#8221;#f7f7f7&#8243; global_colors_info=&#8221;{}&#8221;][et_pb_contact_field field_id=&#8221;Nombre&#8221; field_title=&#8221;Name&#8221; _builder_version=&#8221;4.23&#8243; form_field_font=&#8221;||||||||&#8221; global_colors_info=&#8221;{}&#8221; button_text_size__hover_enabled=&#8221;off&#8221; button_one_text_size__hover_enabled=&#8221;off&#8221; button_two_text_size__hover_enabled=&#8221;off&#8221; button_text_color__hover_enabled=&#8221;off&#8221; button_one_text_color__hover_enabled=&#8221;off&#8221; button_two_text_color__hover_enabled=&#8221;off&#8221; button_border_width__hover_enabled=&#8221;off&#8221; button_one_border_width__hover_enabled=&#8221;off&#8221; button_two_border_width__hover_enabled=&#8221;off&#8221; button_border_color__hover_enabled=&#8221;off&#8221; button_one_border_color__hover_enabled=&#8221;off&#8221; button_two_border_color__hover_enabled=&#8221;off&#8221; button_border_radius__hover_enabled=&#8221;off&#8221; button_one_border_radius__hover_enabled=&#8221;off&#8221; button_two_border_radius__hover_enabled=&#8221;off&#8221; button_letter_spacing__hover_enabled=&#8221;off&#8221; button_one_letter_spacing__hover_enabled=&#8221;off&#8221; button_two_letter_spacing__hover_enabled=&#8221;off&#8221; button_bg_color__hover_enabled=&#8221;off&#8221; button_one_bg_color__hover_enabled=&#8221;off&#8221; button_two_bg_color__hover_enabled=&#8221;off&#8221;][\/et_pb_contact_field][et_pb_contact_field field_id=&#8221;Email&#8221; field_title=&#8221;Email&#8221; field_type=&#8221;email&#8221; _builder_version=&#8221;4.23&#8243; global_colors_info=&#8221;{}&#8221; button_text_size__hover_enabled=&#8221;off&#8221; button_one_text_size__hover_enabled=&#8221;off&#8221; button_two_text_size__hover_enabled=&#8221;off&#8221; button_text_color__hover_enabled=&#8221;off&#8221; button_one_text_color__hover_enabled=&#8221;off&#8221; button_two_text_color__hover_enabled=&#8221;off&#8221; button_border_width__hover_enabled=&#8221;off&#8221; button_one_border_width__hover_enabled=&#8221;off&#8221; button_two_border_width__hover_enabled=&#8221;off&#8221; button_border_color__hover_enabled=&#8221;off&#8221; button_one_border_color__hover_enabled=&#8221;off&#8221; button_two_border_color__hover_enabled=&#8221;off&#8221; button_border_radius__hover_enabled=&#8221;off&#8221; button_one_border_radius__hover_enabled=&#8221;off&#8221; button_two_border_radius__hover_enabled=&#8221;off&#8221; button_letter_spacing__hover_enabled=&#8221;off&#8221; button_one_letter_spacing__hover_enabled=&#8221;off&#8221; button_two_letter_spacing__hover_enabled=&#8221;off&#8221; button_bg_color__hover_enabled=&#8221;off&#8221; button_one_bg_color__hover_enabled=&#8221;off&#8221; button_two_bg_color__hover_enabled=&#8221;off&#8221;][\/et_pb_contact_field][et_pb_contact_field field_id=&#8221;Asunto&#8221; field_title=&#8221;Subject&#8221; required_mark=&#8221;off&#8221; fullwidth_field=&#8221;on&#8221; _builder_version=&#8221;4.23&#8243; _module_preset=&#8221;default&#8221; global_colors_info=&#8221;{}&#8221;][\/et_pb_contact_field][et_pb_contact_field field_id=&#8221;Mensaje&#8221; field_title=&#8221;Message&#8221; field_type=&#8221;text&#8221; fullwidth_field=&#8221;on&#8221; _builder_version=&#8221;4.23&#8243; global_colors_info=&#8221;{}&#8221; button_text_size__hover_enabled=&#8221;off&#8221; button_one_text_size__hover_enabled=&#8221;off&#8221; button_two_text_size__hover_enabled=&#8221;off&#8221; button_text_color__hover_enabled=&#8221;off&#8221; button_one_text_color__hover_enabled=&#8221;off&#8221; button_two_text_color__hover_enabled=&#8221;off&#8221; button_border_width__hover_enabled=&#8221;off&#8221; button_one_border_width__hover_enabled=&#8221;off&#8221; button_two_border_width__hover_enabled=&#8221;off&#8221; button_border_color__hover_enabled=&#8221;off&#8221; button_one_border_color__hover_enabled=&#8221;off&#8221; button_two_border_color__hover_enabled=&#8221;off&#8221; button_border_radius__hover_enabled=&#8221;off&#8221; button_one_border_radius__hover_enabled=&#8221;off&#8221; button_two_border_radius__hover_enabled=&#8221;off&#8221; button_letter_spacing__hover_enabled=&#8221;off&#8221; button_one_letter_spacing__hover_enabled=&#8221;off&#8221; button_two_letter_spacing__hover_enabled=&#8221;off&#8221; button_bg_color__hover_enabled=&#8221;off&#8221; button_one_bg_color__hover_enabled=&#8221;off&#8221; button_two_bg_color__hover_enabled=&#8221;off&#8221;][\/et_pb_contact_field][et_pb_contact_field field_id=&#8221;Field_5&#8243; field_title=&#8221; &#8221; field_type=&#8221;checkbox&#8221; checkbox_options=&#8221;%91{%22value%22:%22 Acepto el &lt;a href=%92%22https:%92\/%92\/holidayshomefuerteventura.es%92\/politicas-de-privacidad%92\/%92%22&gt;aviso legal &lt;%92\/a&gt; y la &lt;a href=%92%22https:%92\/%92\/holidayshomefuerteventura.es%92\/aviso-legal%92\/%92%22&gt;pol\u00edtica de cookies.&lt;%92\/a&gt;%22,%22checked%22:0,%22dragID%22:-1,%22link_url%22:%22%22,%22link_text%22:%22%22}%93&#8243; fullwidth_field=&#8221;on&#8221; _builder_version=&#8221;4.23&#8243; _module_preset=&#8221;default&#8221; global_colors_info=&#8221;{}&#8221;][\/et_pb_contact_field][\/et_pb_contact_form][\/et_pb_column][et_pb_column type=&#8221;1_3&#8243; _builder_version=&#8221;4.16&#8243; custom_padding=&#8221;|||&#8221; global_colors_info=&#8221;{}&#8221; custom_padding__hover=&#8221;|||&#8221;][et_pb_text _builder_version=&#8221;4.23&#8243; link_text_color=&#8221;#0C71C3&#8243; background_size=&#8221;initial&#8221; background_position=&#8221;top_left&#8221; background_repeat=&#8221;repeat&#8221; global_colors_info=&#8221;{}&#8221;]<\/p>\n<h3>More information<\/h3>\n<p>&nbsp;<\/p>\n<p><strong>Address:<\/strong><span>Avenida Juan Carlos I, 3 ,<\/span><span>35660 Corralejo,<\/span><span>Las Palmas<\/span><\/p>\n<p><strong>Number of Reservations:<\/strong> <span>+34 610 43 46 43<\/span><\/p>\n<p><strong>Reception Number:<\/strong> <span>+34 671 026 921<\/span><\/p>\n<p><strong>Mail:<\/strong> <a href=\"mailto:info@holidayshomefuerteventura.com\" rel=\"noopener\"><span>info@holidayshomefuerteventura.com<\/span><\/a><\/p>\n<p>[\/et_pb_text][\/et_pb_column][\/et_pb_row][\/et_pb_section][et_pb_section fb_built=&#8221;1&#8243; _builder_version=&#8221;4.23&#8243; _module_preset=&#8221;default&#8221; global_colors_info=&#8221;{}&#8221; global_module=&#8221;89&#8243; theme_builder_area=&#8221;post_content&#8221;][et_pb_row _builder_version=&#8221;4.23&#8243; _module_preset=&#8221;default&#8221; global_colors_info=&#8221;{}&#8221; theme_builder_area=&#8221;post_content&#8221;][et_pb_column type=&#8221;4_4&#8243; _builder_version=&#8221;4.23&#8243; _module_preset=&#8221;default&#8221; global_colors_info=&#8221;{}&#8221; theme_builder_area=&#8221;post_content&#8221;][et_pb_image src=&#8221;https:\/\/holidayshomefuerteventura.es\/wp-content\/uploads\/2023\/10\/kit-digital-5-1.png&#8221; alt=&#8221;kit digital 5 1&#8243; title_text=&#8221;kit digital 5 1&#8243; align=&#8221;center&#8221; _builder_version=&#8221;4.23&#8243; _module_preset=&#8221;default&#8221; width=&#8221;69%&#8221; global_colors_info=&#8221;{}&#8221; theme_builder_area=&#8221;post_content&#8221;][\/et_pb_image][\/et_pb_column][\/et_pb_row][\/et_pb_section]<\/p>\n","protected":false},"excerpt":{"rendered":"<p>More information &nbsp; Address:Avenida Juan Carlos I, 3 ,35660 Corralejo,Las Palmas Number of Reservations: +34 610 43 46 43 Reception Number: +34 671 026 921 Mail: info@holidayshomefuerteventura.com<\/p>\n","protected":false},"author":1,"featured_media":0,"parent":0,"menu_order":0,"comment_status":"closed","ping_status":"closed","template":"","meta":{"_et_pb_use_builder":"on","_et_pb_old_content":"","_et_gb_content_width":"","footnotes":""},"class_list":["post-146","page","type-page","status-publish","hentry"],"yoast_head":"<!-- This site is optimized with the Yoast SEO plugin v25.9 - https:\/\/yoast.com\/wordpress\/plugins\/seo\/ -->\n<title>Contact us - Holidays Home Fuerteventura<\/title>\n<meta name=\"robots\" content=\"index, follow, max-snippet:-1, max-image-preview:large, max-video-preview:-1\" \/>\n<link rel=\"canonical\" href=\"https:\/\/holidayshomefuerteventura.es\/en\/contact-us\/\" \/>\n<meta property=\"og:locale\" content=\"en_US\" \/>\n<meta property=\"og:type\" content=\"article\" \/>\n<meta property=\"og:title\" content=\"Contact us - Holidays Home Fuerteventura\" \/>\n<meta property=\"og:description\" content=\"More information &nbsp; Address:Avenida Juan Carlos I, 3 ,35660 Corralejo,Las Palmas Number of Reservations: +34 610 43 46 43 Reception Number: +34 671 026 921 Mail: info@holidayshomefuerteventura.com\" \/>\n<meta property=\"og:url\" content=\"https:\/\/holidayshomefuerteventura.es\/en\/contact-us\/\" \/>\n<meta property=\"og:site_name\" content=\"Holidays Home Fuerteventura\" \/>\n<meta property=\"article:publisher\" content=\"https:\/\/www.facebook.com\/Holidayhomescanaryislands\/\" \/>\n<meta property=\"article:modified_time\" content=\"2025-10-24T11:34:55+00:00\" \/>\n<meta property=\"og:image\" content=\"https:\/\/holidayshomefuerteventura.es\/wp-content\/uploads\/2023\/10\/Logo-Holidays-Home-e1687245583250-1.png\" \/>\n\t<meta property=\"og:image:width\" content=\"288\" \/>\n\t<meta property=\"og:image:height\" content=\"120\" \/>\n\t<meta property=\"og:image:type\" content=\"image\/png\" \/>\n<meta name=\"twitter:card\" content=\"summary_large_image\" \/>\n<meta name=\"twitter:label1\" content=\"Est. reading time\" \/>\n\t<meta name=\"twitter:data1\" content=\"6 minutes\" \/>\n<script type=\"application\/ld+json\" class=\"yoast-schema-graph\">{\"@context\":\"https:\/\/schema.org\",\"@graph\":[{\"@type\":\"WebPage\",\"@id\":\"https:\/\/holidayshomefuerteventura.es\/en\/contact-us\/\",\"url\":\"https:\/\/holidayshomefuerteventura.es\/en\/contact-us\/\",\"name\":\"Contact us - Holidays Home Fuerteventura\",\"isPartOf\":{\"@id\":\"https:\/\/holidayshomefuerteventura.es\/en\/#website\"},\"datePublished\":\"2023-10-26T13:32:04+00:00\",\"dateModified\":\"2025-10-24T11:34:55+00:00\",\"breadcrumb\":{\"@id\":\"https:\/\/holidayshomefuerteventura.es\/en\/contact-us\/#breadcrumb\"},\"inLanguage\":\"en-US\",\"potentialAction\":[{\"@type\":\"ReadAction\",\"target\":[\"https:\/\/holidayshomefuerteventura.es\/en\/contact-us\/\"]}]},{\"@type\":\"BreadcrumbList\",\"@id\":\"https:\/\/holidayshomefuerteventura.es\/en\/contact-us\/#breadcrumb\",\"itemListElement\":[{\"@type\":\"ListItem\",\"position\":1,\"name\":\"Portada\",\"item\":\"https:\/\/holidayshomefuerteventura.es\/en\/\"},{\"@type\":\"ListItem\",\"position\":2,\"name\":\"Contact us\"}]},{\"@type\":\"WebSite\",\"@id\":\"https:\/\/holidayshomefuerteventura.es\/en\/#website\",\"url\":\"https:\/\/holidayshomefuerteventura.es\/en\/\",\"name\":\"Holidays Home Fuerteventura\",\"description\":\"HolidaysHome naci\u00f3 en 2009 y se ha consolidado como la mayor empresa de alquiler vacacional en Fuerteventura. A lo largo de estos 14 a\u00f1os hemos crecido, aumentando as\u00ed la selecci\u00f3n de propiedades vacacionales con villas, apartamentos y bungalows en los mejores lugares de Fuerteventura.\",\"publisher\":{\"@id\":\"https:\/\/holidayshomefuerteventura.es\/en\/#organization\"},\"alternateName\":\"Casa de Vacaciones Fuerteventura\",\"potentialAction\":[{\"@type\":\"SearchAction\",\"target\":{\"@type\":\"EntryPoint\",\"urlTemplate\":\"https:\/\/holidayshomefuerteventura.es\/en\/?s={search_term_string}\"},\"query-input\":{\"@type\":\"PropertyValueSpecification\",\"valueRequired\":true,\"valueName\":\"search_term_string\"}}],\"inLanguage\":\"en-US\"},{\"@type\":\"Organization\",\"@id\":\"https:\/\/holidayshomefuerteventura.es\/en\/#organization\",\"name\":\"Holidays Home Fuerteventura\",\"alternateName\":\"Casa de Vacaciones Fuerteventura\",\"url\":\"https:\/\/holidayshomefuerteventura.es\/en\/\",\"logo\":{\"@type\":\"ImageObject\",\"inLanguage\":\"en-US\",\"@id\":\"https:\/\/holidayshomefuerteventura.es\/en\/#\/schema\/logo\/image\/\",\"url\":\"https:\/\/holidayshomefuerteventura.es\/wp-content\/uploads\/2023\/10\/Logo-Holidays-Home-e1687245583250-1.png\",\"contentUrl\":\"https:\/\/holidayshomefuerteventura.es\/wp-content\/uploads\/2023\/10\/Logo-Holidays-Home-e1687245583250-1.png\",\"width\":288,\"height\":120,\"caption\":\"Holidays Home Fuerteventura\"},\"image\":{\"@id\":\"https:\/\/holidayshomefuerteventura.es\/en\/#\/schema\/logo\/image\/\"},\"sameAs\":[\"https:\/\/www.facebook.com\/Holidayhomescanaryislands\/\",\"https:\/\/www.instagram.com\/holidayhomescanaryislands\/\"]}]}<\/script>\n<!-- \/ Yoast SEO plugin. -->","yoast_head_json":{"title":"Contact us - Holidays Home Fuerteventura","robots":{"index":"index","follow":"follow","max-snippet":"max-snippet:-1","max-image-preview":"max-image-preview:large","max-video-preview":"max-video-preview:-1"},"canonical":"https:\/\/holidayshomefuerteventura.es\/en\/contact-us\/","og_locale":"en_US","og_type":"article","og_title":"Contact us - Holidays Home Fuerteventura","og_description":"More information &nbsp; Address:Avenida Juan Carlos I, 3 ,35660 Corralejo,Las Palmas Number of Reservations: +34 610 43 46 43 Reception Number: +34 671 026 921 Mail: info@holidayshomefuerteventura.com","og_url":"https:\/\/holidayshomefuerteventura.es\/en\/contact-us\/","og_site_name":"Holidays Home Fuerteventura","article_publisher":"https:\/\/www.facebook.com\/Holidayhomescanaryislands\/","article_modified_time":"2025-10-24T11:34:55+00:00","og_image":[{"width":288,"height":120,"url":"https:\/\/holidayshomefuerteventura.es\/wp-content\/uploads\/2023\/10\/Logo-Holidays-Home-e1687245583250-1.png","type":"image\/png"}],"twitter_card":"summary_large_image","twitter_misc":{"Est. reading time":"6 minutes"},"schema":{"@context":"https:\/\/schema.org","@graph":[{"@type":"WebPage","@id":"https:\/\/holidayshomefuerteventura.es\/en\/contact-us\/","url":"https:\/\/holidayshomefuerteventura.es\/en\/contact-us\/","name":"Contact us - Holidays Home Fuerteventura","isPartOf":{"@id":"https:\/\/holidayshomefuerteventura.es\/en\/#website"},"datePublished":"2023-10-26T13:32:04+00:00","dateModified":"2025-10-24T11:34:55+00:00","breadcrumb":{"@id":"https:\/\/holidayshomefuerteventura.es\/en\/contact-us\/#breadcrumb"},"inLanguage":"en-US","potentialAction":[{"@type":"ReadAction","target":["https:\/\/holidayshomefuerteventura.es\/en\/contact-us\/"]}]},{"@type":"BreadcrumbList","@id":"https:\/\/holidayshomefuerteventura.es\/en\/contact-us\/#breadcrumb","itemListElement":[{"@type":"ListItem","position":1,"name":"Portada","item":"https:\/\/holidayshomefuerteventura.es\/en\/"},{"@type":"ListItem","position":2,"name":"Contact us"}]},{"@type":"WebSite","@id":"https:\/\/holidayshomefuerteventura.es\/en\/#website","url":"https:\/\/holidayshomefuerteventura.es\/en\/","name":"Holidays Home Fuerteventura","description":"HolidaysHome naci\u00f3 en 2009 y se ha consolidado como la mayor empresa de alquiler vacacional en Fuerteventura. A lo largo de estos 14 a\u00f1os hemos crecido, aumentando as\u00ed la selecci\u00f3n de propiedades vacacionales con villas, apartamentos y bungalows en los mejores lugares de Fuerteventura.","publisher":{"@id":"https:\/\/holidayshomefuerteventura.es\/en\/#organization"},"alternateName":"Casa de Vacaciones Fuerteventura","potentialAction":[{"@type":"SearchAction","target":{"@type":"EntryPoint","urlTemplate":"https:\/\/holidayshomefuerteventura.es\/en\/?s={search_term_string}"},"query-input":{"@type":"PropertyValueSpecification","valueRequired":true,"valueName":"search_term_string"}}],"inLanguage":"en-US"},{"@type":"Organization","@id":"https:\/\/holidayshomefuerteventura.es\/en\/#organization","name":"Holidays Home Fuerteventura","alternateName":"Casa de Vacaciones Fuerteventura","url":"https:\/\/holidayshomefuerteventura.es\/en\/","logo":{"@type":"ImageObject","inLanguage":"en-US","@id":"https:\/\/holidayshomefuerteventura.es\/en\/#\/schema\/logo\/image\/","url":"https:\/\/holidayshomefuerteventura.es\/wp-content\/uploads\/2023\/10\/Logo-Holidays-Home-e1687245583250-1.png","contentUrl":"https:\/\/holidayshomefuerteventura.es\/wp-content\/uploads\/2023\/10\/Logo-Holidays-Home-e1687245583250-1.png","width":288,"height":120,"caption":"Holidays Home Fuerteventura"},"image":{"@id":"https:\/\/holidayshomefuerteventura.es\/en\/#\/schema\/logo\/image\/"},"sameAs":["https:\/\/www.facebook.com\/Holidayhomescanaryislands\/","https:\/\/www.instagram.com\/holidayhomescanaryislands\/"]}]}},"_links":{"self":[{"href":"https:\/\/holidayshomefuerteventura.es\/en\/wp-json\/wp\/v2\/pages\/146","targetHints":{"allow":["GET"]}}],"collection":[{"href":"https:\/\/holidayshomefuerteventura.es\/en\/wp-json\/wp\/v2\/pages"}],"about":[{"href":"https:\/\/holidayshomefuerteventura.es\/en\/wp-json\/wp\/v2\/types\/page"}],"author":[{"embeddable":true,"href":"https:\/\/holidayshomefuerteventura.es\/en\/wp-json\/wp\/v2\/users\/1"}],"replies":[{"embeddable":true,"href":"https:\/\/holidayshomefuerteventura.es\/en\/wp-json\/wp\/v2\/comments?post=146"}],"version-history":[{"count":3,"href":"https:\/\/holidayshomefuerteventura.es\/en\/wp-json\/wp\/v2\/pages\/146\/revisions"}],"predecessor-version":[{"id":183,"href":"https:\/\/holidayshomefuerteventura.es\/en\/wp-json\/wp\/v2\/pages\/146\/revisions\/183"}],"wp:attachment":[{"href":"https:\/\/holidayshomefuerteventura.es\/en\/wp-json\/wp\/v2\/media?parent=146"}],"curies":[{"name":"wp","href":"https:\/\/api.w.org\/{rel}","templated":true}]}}