{"id":143,"date":"2023-10-26T13:31:37","date_gmt":"2023-10-26T13:31:37","guid":{"rendered":"https:\/\/holidayshomefuerteventura.es\/about-us\/"},"modified":"2023-10-27T14:12:57","modified_gmt":"2023-10-27T14:12:57","slug":"about-us","status":"publish","type":"page","link":"https:\/\/holidayshomefuerteventura.es\/en\/about-us\/","title":{"rendered":"About us"},"content":{"rendered":"<p>[et_pb_section fb_built=&#8221;1&#8243; fullwidth=&#8221;on&#8221; _builder_version=&#8221;4.16&#8243; background_color=&#8221;#2ea3f2&#8243; use_background_color_gradient=&#8221;on&#8221; background_color_gradient_direction=&#8221;330deg&#8221; background_color_gradient_stops=&#8221;#2ea3f2 0%|#2e6df4 100%&#8221; background_color_gradient_start=&#8221;#2ea3f2&#8243; background_color_gradient_end=&#8221;#2e6df4&#8243; global_colors_info=&#8221;{}&#8221;][et_pb_fullwidth_header title=&#8221;About us&#8221; subhead=&#8221;HOLIDAYSHOME FUERTEVENTURA&#8221; content_max_width=&#8221;none&#8221; _builder_version=&#8221;4.23&#8243; background_color=&#8221;rgba(0,0,0,0.4)&#8221; background_image=&#8221;https:\/\/holidayshomefuerteventura.es\/wp-content\/uploads\/2023\/10\/header_nosotros-jpg.webp&#8221; background_position=&#8221;top_left&#8221; background_blend=&#8221;overlay&#8221; global_colors_info=&#8221;{}&#8221; button_one_text_size__hover_enabled=&#8221;off&#8221; button_two_text_size__hover_enabled=&#8221;off&#8221; button_one_text_color__hover_enabled=&#8221;off&#8221; button_two_text_color__hover_enabled=&#8221;off&#8221; button_one_border_width__hover_enabled=&#8221;off&#8221; button_two_border_width__hover_enabled=&#8221;off&#8221; button_one_border_color__hover_enabled=&#8221;off&#8221; button_two_border_color__hover_enabled=&#8221;off&#8221; button_one_border_radius__hover_enabled=&#8221;off&#8221; button_two_border_radius__hover_enabled=&#8221;off&#8221; button_one_letter_spacing__hover_enabled=&#8221;off&#8221; button_two_letter_spacing__hover_enabled=&#8221;off&#8221; button_one_bg_color__hover_enabled=&#8221;off&#8221; button_two_bg_color__hover_enabled=&#8221;off&#8221;][\/et_pb_fullwidth_header][\/et_pb_section][et_pb_section fb_built=&#8221;1&#8243; _builder_version=&#8221;4.16&#8243; global_colors_info=&#8221;{}&#8221;][et_pb_row _builder_version=&#8221;4.16&#8243; background_size=&#8221;initial&#8221; background_position=&#8221;top_left&#8221; background_repeat=&#8221;repeat&#8221; global_colors_info=&#8221;{}&#8221;][et_pb_column type=&#8221;4_4&#8243; _builder_version=&#8221;4.16&#8243; custom_padding=&#8221;|||&#8221; global_colors_info=&#8221;{}&#8221; custom_padding__hover=&#8221;|||&#8221;][et_pb_text _builder_version=&#8221;4.23&#8243; _module_preset=&#8221;default&#8221; text_font_size=&#8221;17px&#8221; global_colors_info=&#8221;{}&#8221;]<\/p>\n<div class=\"elementor-element elementor-element-5657c2b3 elementor-widget__width-initial elementor-widget elementor-widget-text-editor\" data-id=\"5657c2b3\" data-element_type=\"widget\" data-widget_type=\"text-editor.default\">\n<div class=\"elementor-widget-container\">\n<div class=\"elementor-text-editor elementor-clearfix\">\n<p><b>HolidaysHome<\/b><span> was born in 2009 and has established itself as<\/span><b>the largest vacation rental company in Fuerteventura<\/b><span>. Throughout these 14 years we have grown, thus increasing the selection of vacation properties with <\/span><b>villas, apartments and bungalows in the best places of Fuerteventura<\/b><span>. From luxury villas with swimming pool in Corralejo to apartments in the center or bungalows to enjoy a vacation on the wildest beaches of the island;<\/span><\/p>\n<p><span><\/span><\/p>\n<\/div>\n<\/div>\n<\/div>\n<div class=\"elementor-element elementor-element-8803631 elementor-widget__width-initial elementor-widget elementor-widget-text-editor\" data-id=\"8803631\" data-element_type=\"widget\" data-widget_type=\"text-editor.default\">\n<div class=\"elementor-widget-container\">\n<div class=\"elementor-text-editor elementor-clearfix\">\n<p>We have villas and holiday apartments in Fuerteventura, distributed in the main tourist areas of the island: Corralejo, Cotillo and Caleta de Fuste; In all of them, our personalized attention and care for every detail will make your stay with us an unforgettable experience;<\/p>\n<\/div>\n<\/div>\n<\/div>\n<p>[\/et_pb_text][\/et_pb_column][\/et_pb_row][\/et_pb_section][et_pb_section fb_built=&#8221;1&#8243; disabled_on=&#8221;on|on|on&#8221; _builder_version=&#8221;4.16&#8243; disabled=&#8221;on&#8221; global_colors_info=&#8221;{}&#8221;][et_pb_row column_structure=&#8221;1_3,1_3,1_3&#8243; _builder_version=&#8221;4.16&#8243; background_size=&#8221;initial&#8221; background_position=&#8221;top_left&#8221; background_repeat=&#8221;repeat&#8221; global_colors_info=&#8221;{}&#8221;][et_pb_column type=&#8221;1_3&#8243; _builder_version=&#8221;4.16&#8243; custom_padding=&#8221;|||&#8221; global_colors_info=&#8221;{}&#8221; custom_padding__hover=&#8221;|||&#8221;][et_pb_team_member name=&#8221;Team Member 1&#8243; position=&#8221;Company Role&#8221; image_url=&#8221;https:\/\/holidayshomefuerteventura.es\/wp-content\/uploads\/2023\/10\/travel-portrait-03-jpg.webp&#8221; facebook_url=&#8221;#&#8221; twitter_url=&#8221;#&#8221; linkedin_url=&#8221;#&#8221; icon_color=&#8221;#2ea3f2&#8243; admin_label=&#8221;Team Member&#8221; _builder_version=&#8221;4.16&#8243; background_size=&#8221;initial&#8221; background_position=&#8221;top_left&#8221; background_repeat=&#8221;repeat&#8221; animation=&#8221;fade_in&#8221; global_colors_info=&#8221;{}&#8221;]Aenean consectetur ipsum ante, vel egestas enim tincidunt quis; Pellentesque vitae congue neque, vel mattis ante. In vitae tempus nunc.<br \/>\n[\/et_pb_team_member][\/et_pb_column][et_pb_column type=&#8221;1_3&#8243; _builder_version=&#8221;4.16&#8243; custom_padding=&#8221;|||&#8221; global_colors_info=&#8221;{}&#8221; custom_padding__hover=&#8221;|||&#8221;][et_pb_team_member name=&#8221;Team Member 1&#8243; position=&#8221;Company Role&#8221; image_url=&#8221;https:\/\/holidayshomefuerteventura.es\/wp-content\/uploads\/2023\/10\/travel-portrait-06-jpg.webp&#8221; facebook_url=&#8221;#&#8221; twitter_url=&#8221;#&#8221; linkedin_url=&#8221;#&#8221; icon_color=&#8221;#2ea3f2&#8243; admin_label=&#8221;Team Member&#8221; _builder_version=&#8221;4.16&#8243; background_size=&#8221;initial&#8221; background_position=&#8221;top_left&#8221; background_repeat=&#8221;repeat&#8221; animation=&#8221;fade_in&#8221; global_colors_info=&#8221;{}&#8221;]Aenean consectetur ipsum ante, vel egestas enim tincidunt quis; Pellentesque vitae congue neque, vel mattis ante. In vitae tempus nunc.<br \/>\n[\/et_pb_team_member][\/et_pb_column][et_pb_column type=&#8221;1_3&#8243; _builder_version=&#8221;4.16&#8243; custom_padding=&#8221;|||&#8221; global_colors_info=&#8221;{}&#8221; custom_padding__hover=&#8221;|||&#8221;][et_pb_team_member name=&#8221;Team Member 1&#8243; position=&#8221;Company Role&#8221; image_url=&#8221;https:\/\/holidayshomefuerteventura.es\/wp-content\/uploads\/2023\/10\/travel-portrait-04-jpg.webp&#8221; facebook_url=&#8221;#&#8221; twitter_url=&#8221;#&#8221; linkedin_url=&#8221;#&#8221; icon_color=&#8221;#2ea3f2&#8243; admin_label=&#8221;Team Member&#8221; _builder_version=&#8221;4.16&#8243; background_size=&#8221;initial&#8221; background_position=&#8221;top_left&#8221; background_repeat=&#8221;repeat&#8221; animation=&#8221;fade_in&#8221; global_colors_info=&#8221;{}&#8221;]Aenean consectetur ipsum ante, vel egestas enim tincidunt quis; Pellentesque vitae congue neque, vel mattis ante. In vitae tempus nunc.<br \/>\n[\/et_pb_team_member][\/et_pb_column][\/et_pb_row][\/et_pb_section][et_pb_section fb_built=&#8221;1&#8243; _builder_version=&#8221;4.23&#8243; background_color=&#8221;rgba(0,0,0,0.03)&#8221; global_colors_info=&#8221;{}&#8221;][et_pb_row column_structure=&#8221;1_3,1_3,1_3&#8243; _builder_version=&#8221;4.16&#8243; background_size=&#8221;initial&#8221; background_position=&#8221;top_left&#8221; background_repeat=&#8221;repeat&#8221; global_colors_info=&#8221;{}&#8221;][et_pb_column type=&#8221;1_3&#8243; _builder_version=&#8221;4.16&#8243; custom_padding=&#8221;|||&#8221; global_colors_info=&#8221;{}&#8221; custom_padding__hover=&#8221;|||&#8221;][et_pb_blurb title=&#8221;Boutique Apartments&#8221; use_icon=&#8221;on&#8221; font_icon=&#8221;&#xf594;||fa||900&#8243; icon_color=&#8221;#2ea3f2&#8243; image_icon_background_color=&#8221;#ffffff&#8221; image_icon_width=&#8221;48px&#8221; _builder_version=&#8221;4.23&#8243; background_size=&#8221;initial&#8221; background_position=&#8221;top_left&#8221; background_repeat=&#8221;repeat&#8221; image_icon_custom_padding=&#8221;25px|25px|25px|25px|false|false&#8221; text_orientation=&#8221;center&#8221; border_radii_image=&#8221;on|100%|100%|100%|100%&#8221; border_width_all_image=&#8221;3px&#8221; border_color_all_image=&#8221;#f7f7f7&#8243; image_max_width=&#8221;none&#8221; use_circle=&#8221;on&#8221; use_circle_border=&#8221;on&#8221; circle_border_color=&#8221;#f7f7f7&#8243; circle_color=&#8221;#ffffff&#8221; global_colors_info=&#8221;{}&#8221; image_icon_background_color__sticky_enabled=&#8221;#7EBEC5&#8243; image_icon_background_color__sticky=&#8221;#7EBEC5&#8243;]<\/p>\n<p><b>Boutique Apartments<\/b><span> to enjoy as a couple very close to the main leisure areas of Fuerteventura.<\/span><\/p>\n<p>[\/et_pb_blurb][\/et_pb_column][et_pb_column type=&#8221;1_3&#8243; _builder_version=&#8221;4.16&#8243; custom_padding=&#8221;|||&#8221; global_colors_info=&#8221;{}&#8221; custom_padding__hover=&#8221;|||&#8221;][et_pb_blurb title=&#8221;Bungalows&#8221; use_icon=&#8221;on&#8221; font_icon=&#8221;&#xf562;||fa||900&#8243; icon_color=&#8221;#2ea3f2&#8243; image_icon_background_color=&#8221;#ffffff&#8221; image_icon_width=&#8221;48px&#8221; _builder_version=&#8221;4.23&#8243; background_size=&#8221;initial&#8221; background_position=&#8221;top_left&#8221; background_repeat=&#8221;repeat&#8221; image_icon_custom_padding=&#8221;25px|25px|25px|25px|false|false&#8221; text_orientation=&#8221;center&#8221; border_radii_image=&#8221;on|100%|100%|100%|100%&#8221; border_width_all_image=&#8221;3px&#8221; border_color_all_image=&#8221;#f7f7f7&#8243; image_max_width=&#8221;none&#8221; use_circle=&#8221;on&#8221; use_circle_border=&#8221;on&#8221; circle_border_color=&#8221;#f7f7f7&#8243; circle_color=&#8221;#ffffff&#8221; global_colors_info=&#8221;{}&#8221; image_icon_background_color__sticky_enabled=&#8221;#7EBEC5&#8243; image_icon_background_color__sticky=&#8221;#7EBEC5&#8243;]<\/p>\n<div class=\"elementor-column elementor-col-33 elementor-top-column elementor-element elementor-element-dfa7345\" data-id=\"dfa7345\" data-element_type=\"column\">\n<div class=\"elementor-column-wrap elementor-element-populated\">\n<div class=\"elementor-widget-wrap\">\n<div class=\"elementor-element elementor-element-1adc477 elementor-widget elementor-widget-text-editor\" data-id=\"1adc477\" data-element_type=\"widget\" data-widget_type=\"text-editor.default\">\n<div class=\"elementor-widget-container\">\n<div class=\"elementor-text-editor elementor-clearfix\">\n<p><b>Bungalows in Corralejo<\/b><span> perfect for a weekend getaway just a few meters from the beach.<\/span><\/p>\n<\/div>\n<\/div>\n<\/div>\n<\/div>\n<\/div>\n<\/div>\n<div class=\"elementor-column elementor-col-33 elementor-top-column elementor-element elementor-element-aabb3af\" data-id=\"aabb3af\" data-element_type=\"column\">\n<div class=\"elementor-column-wrap elementor-element-populated\">\n<div class=\"elementor-widget-wrap\">\n<div class=\"elementor-element elementor-element-5313640 elementor-widget elementor-widget-heading\" data-id=\"5313640\" data-element_type=\"widget\" data-widget_type=\"heading.default\">\n<div class=\"elementor-widget-container\"><\/div>\n<\/div>\n<\/div>\n<\/div>\n<\/div>\n<p>[\/et_pb_blurb][\/et_pb_column][et_pb_column type=&#8221;1_3&#8243; _builder_version=&#8221;4.16&#8243; custom_padding=&#8221;|||&#8221; global_colors_info=&#8221;{}&#8221; custom_padding__hover=&#8221;|||&#8221;][et_pb_blurb title=&#8221;Villas with pool&#8221; use_icon=&#8221;on&#8221; font_icon=&#8221;&#xf5c5;||fa||900&#8243; icon_color=&#8221;#2ea3f2&#8243; image_icon_background_color=&#8221;#ffffff&#8221; image_icon_width=&#8221;48px&#8221; _builder_version=&#8221;4.23&#8243; background_size=&#8221;initial&#8221; background_position=&#8221;top_left&#8221; background_repeat=&#8221;repeat&#8221; image_icon_custom_padding=&#8221;25px|25px|25px|25px|false|false&#8221; text_orientation=&#8221;center&#8221; border_radii_image=&#8221;on|100%|100%|100%|100%&#8221; border_width_all_image=&#8221;3px&#8221; border_color_all_image=&#8221;#f7f7f7&#8243; use_circle=&#8221;on&#8221; use_circle_border=&#8221;on&#8221; circle_border_color=&#8221;#f7f7f7&#8243; circle_color=&#8221;#ffffff&#8221; global_colors_info=&#8221;{}&#8221; image_icon_background_color__sticky_enabled=&#8221;#7EBEC5&#8243; image_icon_background_color__sticky=&#8221;#7EBEC5&#8243;]<\/p>\n<p style=\"text-align: center;\"><b>Vacation villas with pool<\/b><span> for 6, 8 or more people to enjoy with family and friends barbecuing and planning excursions around the island.<\/span><\/p>\n<p>[\/et_pb_blurb][\/et_pb_column][\/et_pb_row][et_pb_row _builder_version=&#8221;4.16&#8243; background_size=&#8221;initial&#8221; background_position=&#8221;top_left&#8221; background_repeat=&#8221;repeat&#8221; global_colors_info=&#8221;{}&#8221;][et_pb_column type=&#8221;4_4&#8243; _builder_version=&#8221;4.16&#8243; custom_padding=&#8221;|||&#8221; global_colors_info=&#8221;{}&#8221; custom_padding__hover=&#8221;|||&#8221;][et_pb_cta title=&#8221;Contact us&#8221; button_url=&#8221;https:\/\/holidayshomefuerteventura.es\/contacto\/&#8221; button_text=&#8221;Contact us&#8221; _builder_version=&#8221;4.23&#8243; background_color=&#8221;rgba(0,0,0,0.48)&#8221; background_image=&#8221;https:\/\/holidayshomefuerteventura.es\/wp-content\/uploads\/2023\/10\/contacto-jpg.webp&#8221; background_size=&#8221;initial&#8221; background_repeat=&#8221;repeat&#8221; background_blend=&#8221;overlay&#8221; global_colors_info=&#8221;{}&#8221; button_text_size__hover_enabled=&#8221;off&#8221; button_one_text_size__hover_enabled=&#8221;off&#8221; button_two_text_size__hover_enabled=&#8221;off&#8221; button_text_color__hover_enabled=&#8221;off&#8221; button_one_text_color__hover_enabled=&#8221;off&#8221; button_two_text_color__hover_enabled=&#8221;off&#8221; button_border_width__hover_enabled=&#8221;off&#8221; button_one_border_width__hover_enabled=&#8221;off&#8221; button_two_border_width__hover_enabled=&#8221;off&#8221; button_border_color__hover_enabled=&#8221;off&#8221; button_one_border_color__hover_enabled=&#8221;off&#8221; button_two_border_color__hover_enabled=&#8221;off&#8221; button_border_radius__hover_enabled=&#8221;off&#8221; button_one_border_radius__hover_enabled=&#8221;off&#8221; button_two_border_radius__hover_enabled=&#8221;off&#8221; button_letter_spacing__hover_enabled=&#8221;off&#8221; button_one_letter_spacing__hover_enabled=&#8221;off&#8221; button_two_letter_spacing__hover_enabled=&#8221;off&#8221; button_bg_color__hover_enabled=&#8221;off&#8221; button_one_bg_color__hover_enabled=&#8221;off&#8221; button_two_bg_color__hover_enabled=&#8221;off&#8221;]<\/p>\n<p>send us your inquiry we will be pleased to serve you!<\/p>\n<p>[\/et_pb_cta][\/et_pb_column][\/et_pb_row][\/et_pb_section][et_pb_section fb_built=&#8221;1&#8243; _builder_version=&#8221;4.23&#8243; _module_preset=&#8221;default&#8221; global_colors_info=&#8221;{}&#8221; global_module=&#8221;89&#8243; theme_builder_area=&#8221;post_content&#8221;][et_pb_row _builder_version=&#8221;4.23&#8243; _module_preset=&#8221;default&#8221; global_colors_info=&#8221;{}&#8221; theme_builder_area=&#8221;post_content&#8221;][et_pb_column type=&#8221;4_4&#8243; _builder_version=&#8221;4.23&#8243; _module_preset=&#8221;default&#8221; global_colors_info=&#8221;{}&#8221; theme_builder_area=&#8221;post_content&#8221;][et_pb_image src=&#8221;https:\/\/holidayshomefuerteventura.es\/wp-content\/uploads\/2023\/10\/kit-digital-5-1.png&#8221; alt=&#8221;kit digital 5 1&#8243; title_text=&#8221;kit digital 5 1&#8243; align=&#8221;center&#8221; _builder_version=&#8221;4.23&#8243; _module_preset=&#8221;default&#8221; width=&#8221;69%&#8221; global_colors_info=&#8221;{}&#8221; theme_builder_area=&#8221;post_content&#8221;][\/et_pb_image][\/et_pb_column][\/et_pb_row][\/et_pb_section]<\/p>\n","protected":false},"excerpt":{"rendered":"<p>HolidaysHome was born in 2009 and has established itself asthe largest vacation rental company in Fuerteventura. Throughout these 14 years we have grown, thus increasing the selection of vacation properties with villas, apartments and bungalows in the best places of Fuerteventura. From luxury villas with swimming pool in Corralejo to apartments in the center or [&hellip;]<\/p>\n","protected":false},"author":1,"featured_media":0,"parent":0,"menu_order":0,"comment_status":"closed","ping_status":"closed","template":"","meta":{"_et_pb_use_builder":"on","_et_pb_old_content":"","_et_gb_content_width":"","footnotes":""},"class_list":["post-143","page","type-page","status-publish","hentry"],"yoast_head":"<!-- This site is optimized with the Yoast SEO plugin v25.9 - https:\/\/yoast.com\/wordpress\/plugins\/seo\/ -->\n<title>About us - Holidays Home Fuerteventura<\/title>\n<meta name=\"robots\" content=\"index, follow, max-snippet:-1, max-image-preview:large, max-video-preview:-1\" \/>\n<link rel=\"canonical\" href=\"https:\/\/holidayshomefuerteventura.es\/en\/about-us\/\" \/>\n<meta property=\"og:locale\" content=\"en_US\" \/>\n<meta property=\"og:type\" content=\"article\" \/>\n<meta property=\"og:title\" content=\"About us - Holidays Home Fuerteventura\" \/>\n<meta property=\"og:description\" content=\"HolidaysHome was born in 2009 and has established itself asthe largest vacation rental company in Fuerteventura. Throughout these 14 years we have grown, thus increasing the selection of vacation properties with villas, apartments and bungalows in the best places of Fuerteventura. From luxury villas with swimming pool in Corralejo to apartments in the center or [&hellip;]\" \/>\n<meta property=\"og:url\" content=\"https:\/\/holidayshomefuerteventura.es\/en\/about-us\/\" \/>\n<meta property=\"og:site_name\" content=\"Holidays Home Fuerteventura\" \/>\n<meta property=\"article:publisher\" content=\"https:\/\/www.facebook.com\/Holidayhomescanaryislands\/\" \/>\n<meta property=\"article:modified_time\" content=\"2023-10-27T14:12:57+00:00\" \/>\n<meta property=\"og:image\" content=\"https:\/\/holidayshomefuerteventura.es\/wp-content\/uploads\/2023\/10\/Logo-Holidays-Home-e1687245583250-1.png\" \/>\n\t<meta property=\"og:image:width\" content=\"288\" \/>\n\t<meta property=\"og:image:height\" content=\"120\" \/>\n\t<meta property=\"og:image:type\" content=\"image\/png\" \/>\n<meta name=\"twitter:card\" content=\"summary_large_image\" \/>\n<meta name=\"twitter:label1\" content=\"Est. reading time\" \/>\n\t<meta name=\"twitter:data1\" content=\"7 minutes\" \/>\n<script type=\"application\/ld+json\" class=\"yoast-schema-graph\">{\"@context\":\"https:\/\/schema.org\",\"@graph\":[{\"@type\":\"WebPage\",\"@id\":\"https:\/\/holidayshomefuerteventura.es\/en\/about-us\/\",\"url\":\"https:\/\/holidayshomefuerteventura.es\/en\/about-us\/\",\"name\":\"About us - Holidays Home Fuerteventura\",\"isPartOf\":{\"@id\":\"https:\/\/holidayshomefuerteventura.es\/en\/#website\"},\"datePublished\":\"2023-10-26T13:31:37+00:00\",\"dateModified\":\"2023-10-27T14:12:57+00:00\",\"breadcrumb\":{\"@id\":\"https:\/\/holidayshomefuerteventura.es\/en\/about-us\/#breadcrumb\"},\"inLanguage\":\"en-US\",\"potentialAction\":[{\"@type\":\"ReadAction\",\"target\":[\"https:\/\/holidayshomefuerteventura.es\/en\/about-us\/\"]}]},{\"@type\":\"BreadcrumbList\",\"@id\":\"https:\/\/holidayshomefuerteventura.es\/en\/about-us\/#breadcrumb\",\"itemListElement\":[{\"@type\":\"ListItem\",\"position\":1,\"name\":\"Portada\",\"item\":\"https:\/\/holidayshomefuerteventura.es\/en\/\"},{\"@type\":\"ListItem\",\"position\":2,\"name\":\"About us\"}]},{\"@type\":\"WebSite\",\"@id\":\"https:\/\/holidayshomefuerteventura.es\/en\/#website\",\"url\":\"https:\/\/holidayshomefuerteventura.es\/en\/\",\"name\":\"Holidays Home Fuerteventura\",\"description\":\"HolidaysHome naci\u00f3 en 2009 y se ha consolidado como la mayor empresa de alquiler vacacional en Fuerteventura. A lo largo de estos 14 a\u00f1os hemos crecido, aumentando as\u00ed la selecci\u00f3n de propiedades vacacionales con villas, apartamentos y bungalows en los mejores lugares de Fuerteventura.\",\"publisher\":{\"@id\":\"https:\/\/holidayshomefuerteventura.es\/en\/#organization\"},\"alternateName\":\"Casa de Vacaciones Fuerteventura\",\"potentialAction\":[{\"@type\":\"SearchAction\",\"target\":{\"@type\":\"EntryPoint\",\"urlTemplate\":\"https:\/\/holidayshomefuerteventura.es\/en\/?s={search_term_string}\"},\"query-input\":{\"@type\":\"PropertyValueSpecification\",\"valueRequired\":true,\"valueName\":\"search_term_string\"}}],\"inLanguage\":\"en-US\"},{\"@type\":\"Organization\",\"@id\":\"https:\/\/holidayshomefuerteventura.es\/en\/#organization\",\"name\":\"Holidays Home Fuerteventura\",\"alternateName\":\"Casa de Vacaciones Fuerteventura\",\"url\":\"https:\/\/holidayshomefuerteventura.es\/en\/\",\"logo\":{\"@type\":\"ImageObject\",\"inLanguage\":\"en-US\",\"@id\":\"https:\/\/holidayshomefuerteventura.es\/en\/#\/schema\/logo\/image\/\",\"url\":\"https:\/\/holidayshomefuerteventura.es\/wp-content\/uploads\/2023\/10\/Logo-Holidays-Home-e1687245583250-1.png\",\"contentUrl\":\"https:\/\/holidayshomefuerteventura.es\/wp-content\/uploads\/2023\/10\/Logo-Holidays-Home-e1687245583250-1.png\",\"width\":288,\"height\":120,\"caption\":\"Holidays Home Fuerteventura\"},\"image\":{\"@id\":\"https:\/\/holidayshomefuerteventura.es\/en\/#\/schema\/logo\/image\/\"},\"sameAs\":[\"https:\/\/www.facebook.com\/Holidayhomescanaryislands\/\",\"https:\/\/www.instagram.com\/holidayhomescanaryislands\/\"]}]}<\/script>\n<!-- \/ Yoast SEO plugin. -->","yoast_head_json":{"title":"About us - Holidays Home Fuerteventura","robots":{"index":"index","follow":"follow","max-snippet":"max-snippet:-1","max-image-preview":"max-image-preview:large","max-video-preview":"max-video-preview:-1"},"canonical":"https:\/\/holidayshomefuerteventura.es\/en\/about-us\/","og_locale":"en_US","og_type":"article","og_title":"About us - Holidays Home Fuerteventura","og_description":"HolidaysHome was born in 2009 and has established itself asthe largest vacation rental company in Fuerteventura. Throughout these 14 years we have grown, thus increasing the selection of vacation properties with villas, apartments and bungalows in the best places of Fuerteventura. From luxury villas with swimming pool in Corralejo to apartments in the center or [&hellip;]","og_url":"https:\/\/holidayshomefuerteventura.es\/en\/about-us\/","og_site_name":"Holidays Home Fuerteventura","article_publisher":"https:\/\/www.facebook.com\/Holidayhomescanaryislands\/","article_modified_time":"2023-10-27T14:12:57+00:00","og_image":[{"width":288,"height":120,"url":"https:\/\/holidayshomefuerteventura.es\/wp-content\/uploads\/2023\/10\/Logo-Holidays-Home-e1687245583250-1.png","type":"image\/png"}],"twitter_card":"summary_large_image","twitter_misc":{"Est. reading time":"7 minutes"},"schema":{"@context":"https:\/\/schema.org","@graph":[{"@type":"WebPage","@id":"https:\/\/holidayshomefuerteventura.es\/en\/about-us\/","url":"https:\/\/holidayshomefuerteventura.es\/en\/about-us\/","name":"About us - Holidays Home Fuerteventura","isPartOf":{"@id":"https:\/\/holidayshomefuerteventura.es\/en\/#website"},"datePublished":"2023-10-26T13:31:37+00:00","dateModified":"2023-10-27T14:12:57+00:00","breadcrumb":{"@id":"https:\/\/holidayshomefuerteventura.es\/en\/about-us\/#breadcrumb"},"inLanguage":"en-US","potentialAction":[{"@type":"ReadAction","target":["https:\/\/holidayshomefuerteventura.es\/en\/about-us\/"]}]},{"@type":"BreadcrumbList","@id":"https:\/\/holidayshomefuerteventura.es\/en\/about-us\/#breadcrumb","itemListElement":[{"@type":"ListItem","position":1,"name":"Portada","item":"https:\/\/holidayshomefuerteventura.es\/en\/"},{"@type":"ListItem","position":2,"name":"About us"}]},{"@type":"WebSite","@id":"https:\/\/holidayshomefuerteventura.es\/en\/#website","url":"https:\/\/holidayshomefuerteventura.es\/en\/","name":"Holidays Home Fuerteventura","description":"HolidaysHome naci\u00f3 en 2009 y se ha consolidado como la mayor empresa de alquiler vacacional en Fuerteventura. A lo largo de estos 14 a\u00f1os hemos crecido, aumentando as\u00ed la selecci\u00f3n de propiedades vacacionales con villas, apartamentos y bungalows en los mejores lugares de Fuerteventura.","publisher":{"@id":"https:\/\/holidayshomefuerteventura.es\/en\/#organization"},"alternateName":"Casa de Vacaciones Fuerteventura","potentialAction":[{"@type":"SearchAction","target":{"@type":"EntryPoint","urlTemplate":"https:\/\/holidayshomefuerteventura.es\/en\/?s={search_term_string}"},"query-input":{"@type":"PropertyValueSpecification","valueRequired":true,"valueName":"search_term_string"}}],"inLanguage":"en-US"},{"@type":"Organization","@id":"https:\/\/holidayshomefuerteventura.es\/en\/#organization","name":"Holidays Home Fuerteventura","alternateName":"Casa de Vacaciones Fuerteventura","url":"https:\/\/holidayshomefuerteventura.es\/en\/","logo":{"@type":"ImageObject","inLanguage":"en-US","@id":"https:\/\/holidayshomefuerteventura.es\/en\/#\/schema\/logo\/image\/","url":"https:\/\/holidayshomefuerteventura.es\/wp-content\/uploads\/2023\/10\/Logo-Holidays-Home-e1687245583250-1.png","contentUrl":"https:\/\/holidayshomefuerteventura.es\/wp-content\/uploads\/2023\/10\/Logo-Holidays-Home-e1687245583250-1.png","width":288,"height":120,"caption":"Holidays Home Fuerteventura"},"image":{"@id":"https:\/\/holidayshomefuerteventura.es\/en\/#\/schema\/logo\/image\/"},"sameAs":["https:\/\/www.facebook.com\/Holidayhomescanaryislands\/","https:\/\/www.instagram.com\/holidayhomescanaryislands\/"]}]}},"_links":{"self":[{"href":"https:\/\/holidayshomefuerteventura.es\/en\/wp-json\/wp\/v2\/pages\/143","targetHints":{"allow":["GET"]}}],"collection":[{"href":"https:\/\/holidayshomefuerteventura.es\/en\/wp-json\/wp\/v2\/pages"}],"about":[{"href":"https:\/\/holidayshomefuerteventura.es\/en\/wp-json\/wp\/v2\/types\/page"}],"author":[{"embeddable":true,"href":"https:\/\/holidayshomefuerteventura.es\/en\/wp-json\/wp\/v2\/users\/1"}],"replies":[{"embeddable":true,"href":"https:\/\/holidayshomefuerteventura.es\/en\/wp-json\/wp\/v2\/comments?post=143"}],"version-history":[{"count":2,"href":"https:\/\/holidayshomefuerteventura.es\/en\/wp-json\/wp\/v2\/pages\/143\/revisions"}],"predecessor-version":[{"id":145,"href":"https:\/\/holidayshomefuerteventura.es\/en\/wp-json\/wp\/v2\/pages\/143\/revisions\/145"}],"wp:attachment":[{"href":"https:\/\/holidayshomefuerteventura.es\/en\/wp-json\/wp\/v2\/media?parent=143"}],"curies":[{"name":"wp","href":"https:\/\/api.w.org\/{rel}","templated":true}]}}