{"id":130,"date":"2023-10-26T13:31:26","date_gmt":"2023-10-26T13:31:26","guid":{"rendered":"https:\/\/holidayshomefuerteventura.es\/home\/"},"modified":"2023-10-27T14:12:05","modified_gmt":"2023-10-27T14:12:05","slug":"home","status":"publish","type":"page","link":"https:\/\/holidayshomefuerteventura.es\/en\/","title":{"rendered":"Home"},"content":{"rendered":"<p>[et_pb_section fb_built=&#8221;1&#8243; _builder_version=&#8221;4.16&#8243; global_colors_info=&#8221;{}&#8221;][et_pb_row _builder_version=&#8221;4.16&#8243; background_size=&#8221;initial&#8221; background_position=&#8221;top_left&#8221; background_repeat=&#8221;repeat&#8221; global_colors_info=&#8221;{}&#8221;][et_pb_column type=&#8221;4_4&#8243; _builder_version=&#8221;4.16&#8243; custom_padding=&#8221;|||&#8221; global_colors_info=&#8221;{}&#8221; custom_padding__hover=&#8221;|||&#8221;][et_pb_slider _builder_version=&#8221;4.23&#8243; custom_padding=&#8221;|||&#8221; custom_padding_tablet=&#8221;|||&#8221; custom_padding_phone=&#8221;|||&#8221; box_shadow_style=&#8221;preset6&#8243; box_shadow_blur=&#8221;10px&#8221; box_shadow_color=&#8221;rgba(0,0,0,0.1)&#8221; global_colors_info=&#8221;{}&#8221; button_text_size__hover_enabled=&#8221;off&#8221; button_one_text_size__hover_enabled=&#8221;off&#8221; button_two_text_size__hover_enabled=&#8221;off&#8221; button_text_color__hover_enabled=&#8221;off&#8221; button_one_text_color__hover_enabled=&#8221;off&#8221; button_two_text_color__hover_enabled=&#8221;off&#8221; button_border_width__hover_enabled=&#8221;off&#8221; button_one_border_width__hover_enabled=&#8221;off&#8221; button_two_border_width__hover_enabled=&#8221;off&#8221; button_border_color__hover_enabled=&#8221;off&#8221; button_one_border_color__hover_enabled=&#8221;off&#8221; button_two_border_color__hover_enabled=&#8221;off&#8221; button_border_radius__hover_enabled=&#8221;off&#8221; button_one_border_radius__hover_enabled=&#8221;off&#8221; button_two_border_radius__hover_enabled=&#8221;off&#8221; button_letter_spacing__hover_enabled=&#8221;off&#8221; button_one_letter_spacing__hover_enabled=&#8221;off&#8221; button_two_letter_spacing__hover_enabled=&#8221;off&#8221; button_bg_color__hover_enabled=&#8221;off&#8221; button_one_bg_color__hover_enabled=&#8221;off&#8221; button_two_bg_color__hover_enabled=&#8221;off&#8221;][et_pb_slide heading=&#8221;Welcome to HolidaysFuerteventura&#8221; button_text=&#8221;Services;&#8221; button_link=&#8221;https:\/\/holidayshomefuerteventura.es\/servicios\/&#8221; _builder_version=&#8221;4.23&#8243; background_color=&#8221;rgba(0,0,0,0.5)&#8221; background_enable_color=&#8221;on&#8221; background_image=&#8221;https:\/\/holidayshomefuerteventura.es\/wp-content\/uploads\/2023\/10\/header_nosotros-jpg.webp&#8221; background_enable_image=&#8221;on&#8221; background_blend=&#8221;overlay&#8221; global_colors_info=&#8221;{}&#8221; button_text_size__hover_enabled=&#8221;off&#8221; button_one_text_size__hover_enabled=&#8221;off&#8221; button_two_text_size__hover_enabled=&#8221;off&#8221; button_text_color__hover_enabled=&#8221;off&#8221; button_one_text_color__hover_enabled=&#8221;off&#8221; button_two_text_color__hover_enabled=&#8221;off&#8221; button_border_width__hover_enabled=&#8221;off&#8221; button_one_border_width__hover_enabled=&#8221;off&#8221; button_two_border_width__hover_enabled=&#8221;off&#8221; button_border_color__hover_enabled=&#8221;off&#8221; button_one_border_color__hover_enabled=&#8221;off&#8221; button_two_border_color__hover_enabled=&#8221;off&#8221; button_border_radius__hover_enabled=&#8221;off&#8221; button_one_border_radius__hover_enabled=&#8221;off&#8221; button_two_border_radius__hover_enabled=&#8221;off&#8221; button_letter_spacing__hover_enabled=&#8221;off&#8221; button_one_letter_spacing__hover_enabled=&#8221;off&#8221; button_two_letter_spacing__hover_enabled=&#8221;off&#8221; button_bg_color__hover_enabled=&#8221;off&#8221; button_one_bg_color__hover_enabled=&#8221;off&#8221; button_two_bg_color__hover_enabled=&#8221;off&#8221; sticky_transition=&#8221;on&#8221;]<\/p>\n<p><span>Looking for a long term rental option in Fuerteventura? In HolidaysHome we propose you 2 incredible accommodations in the area of Corralejo, north of Fuerteventura, where you can enjoy your days on the island with all the comforts<\/span><\/p>\n<p>[\/et_pb_slide][et_pb_slide heading=&#8221;We are here to help&#8221; button_text=&#8221;Contact us&#8221; button_link=&#8221;https:\/\/holidayshomefuerteventura.es\/contacto\/&#8221; _builder_version=&#8221;4.23&#8243; background_color=&#8221;rgba(0,0,0,0.55)&#8221; background_enable_color=&#8221;on&#8221; background_image=&#8221;https:\/\/holidayshomefuerteventura.es\/wp-content\/uploads\/2023\/10\/contacto-jpg.webp&#8221; background_enable_image=&#8221;on&#8221; background_blend=&#8221;overlay&#8221; global_colors_info=&#8221;{}&#8221; button_text_size__hover_enabled=&#8221;off&#8221; button_one_text_size__hover_enabled=&#8221;off&#8221; button_two_text_size__hover_enabled=&#8221;off&#8221; button_text_color__hover_enabled=&#8221;off&#8221; button_one_text_color__hover_enabled=&#8221;off&#8221; button_two_text_color__hover_enabled=&#8221;off&#8221; button_border_width__hover_enabled=&#8221;off&#8221; button_one_border_width__hover_enabled=&#8221;off&#8221; button_two_border_width__hover_enabled=&#8221;off&#8221; button_border_color__hover_enabled=&#8221;off&#8221; button_one_border_color__hover_enabled=&#8221;off&#8221; button_two_border_color__hover_enabled=&#8221;off&#8221; button_border_radius__hover_enabled=&#8221;off&#8221; button_one_border_radius__hover_enabled=&#8221;off&#8221; button_two_border_radius__hover_enabled=&#8221;off&#8221; button_letter_spacing__hover_enabled=&#8221;off&#8221; button_one_letter_spacing__hover_enabled=&#8221;off&#8221; button_two_letter_spacing__hover_enabled=&#8221;off&#8221; button_bg_color__hover_enabled=&#8221;off&#8221; button_one_bg_color__hover_enabled=&#8221;off&#8221; button_two_bg_color__hover_enabled=&#8221;off&#8221; sticky_transition=&#8221;on&#8221;]<\/p>\n<div class=\"elementor-element elementor-element-79c3c9da elementor-widget elementor-widget-heading\" data-id=\"79c3c9da\" data-element_type=\"widget\" data-widget_type=\"heading.default\">\n<div class=\"elementor-widget-container\">\n<p class=\"elementor-heading-title elementor-size-default\">send us your inquiry we will be pleased to serve you!<\/p>\n<\/div>\n<\/div>\n<div class=\"elementor-element elementor-element-69db7ece elementor-widget__width-initial elementor-widget elementor-widget-text-editor\" data-id=\"69db7ece\" data-element_type=\"widget\" data-widget_type=\"text-editor.default\">\n<div class=\"elementor-widget-container\">\n<div class=\"elementor-text-editor elementor-clearfix\"><\/div>\n<\/div>\n<\/div>\n<p>[\/et_pb_slide][\/et_pb_slider][\/et_pb_column][\/et_pb_row][\/et_pb_section][et_pb_section fb_built=&#8221;1&#8243; fullwidth=&#8221;on&#8221; _builder_version=&#8221;4.16&#8243; background_color=&#8221;#f7f7f7&#8243; global_colors_info=&#8221;{}&#8221;][et_pb_fullwidth_header title=&#8221;The largest holiday rental company in Fuerteventura&#8221; text_orientation=&#8221;center&#8221; content_max_width=&#8221;none&#8221; _builder_version=&#8221;4.23&#8243; background_color=&#8221;rgba(255, 255, 255, 0)&#8221; background_layout=&#8221;light&#8221; global_colors_info=&#8221;{}&#8221; button_one_text_size__hover_enabled=&#8221;off&#8221; button_two_text_size__hover_enabled=&#8221;off&#8221; button_one_text_color__hover_enabled=&#8221;off&#8221; button_two_text_color__hover_enabled=&#8221;off&#8221; button_one_border_width__hover_enabled=&#8221;off&#8221; button_two_border_width__hover_enabled=&#8221;off&#8221; button_one_border_color__hover_enabled=&#8221;off&#8221; button_two_border_color__hover_enabled=&#8221;off&#8221; button_one_border_radius__hover_enabled=&#8221;off&#8221; button_two_border_radius__hover_enabled=&#8221;off&#8221; button_one_letter_spacing__hover_enabled=&#8221;off&#8221; button_two_letter_spacing__hover_enabled=&#8221;off&#8221; button_one_bg_color__hover_enabled=&#8221;off&#8221; button_two_bg_color__hover_enabled=&#8221;off&#8221;][\/et_pb_fullwidth_header][\/et_pb_section][et_pb_section fb_built=&#8221;1&#8243; _builder_version=&#8221;4.16&#8243; global_colors_info=&#8221;{}&#8221;][et_pb_row column_structure=&#8221;1_3,1_3,1_3&#8243; _builder_version=&#8221;4.16&#8243; background_size=&#8221;initial&#8221; background_position=&#8221;top_left&#8221; background_repeat=&#8221;repeat&#8221; global_colors_info=&#8221;{}&#8221;][et_pb_column type=&#8221;1_3&#8243; _builder_version=&#8221;4.16&#8243; custom_padding=&#8221;|||&#8221; global_colors_info=&#8221;{}&#8221; custom_padding__hover=&#8221;|||&#8221;][et_pb_blurb title=&#8221;Boutique Apartments&#8221; use_icon=&#8221;on&#8221; font_icon=&#8221;&#xf594;||fa||900&#8243; icon_color=&#8221;#2ea3f2&#8243; image_icon_background_color=&#8221;#ffffff&#8221; image_icon_width=&#8221;48px&#8221; _builder_version=&#8221;4.23&#8243; background_size=&#8221;initial&#8221; background_position=&#8221;top_left&#8221; background_repeat=&#8221;repeat&#8221; image_icon_custom_padding=&#8221;25px|25px|25px|25px|false|false&#8221; text_orientation=&#8221;center&#8221; border_radii_image=&#8221;on|100%|100%|100%|100%&#8221; border_width_all_image=&#8221;3px&#8221; border_color_all_image=&#8221;#f7f7f7&#8243; image_max_width=&#8221;none&#8221; use_circle=&#8221;on&#8221; use_circle_border=&#8221;on&#8221; circle_border_color=&#8221;#f7f7f7&#8243; circle_color=&#8221;#ffffff&#8221; global_colors_info=&#8221;{}&#8221; image_icon_background_color__sticky_enabled=&#8221;#7EBEC5&#8243; image_icon_background_color__sticky=&#8221;#7EBEC5&#8243;]<\/p>\n<p><b>Boutique Apartments<\/b><span> to enjoy as a couple very close to the main leisure areas of Fuerteventura.<\/span><\/p>\n<p>[\/et_pb_blurb][\/et_pb_column][et_pb_column type=&#8221;1_3&#8243; _builder_version=&#8221;4.16&#8243; custom_padding=&#8221;|||&#8221; global_colors_info=&#8221;{}&#8221; custom_padding__hover=&#8221;|||&#8221;][et_pb_blurb title=&#8221;Bungalows&#8221; use_icon=&#8221;on&#8221; font_icon=&#8221;&#xf562;||fa||900&#8243; icon_color=&#8221;#2ea3f2&#8243; image_icon_background_color=&#8221;#ffffff&#8221; image_icon_width=&#8221;48px&#8221; _builder_version=&#8221;4.23&#8243; background_size=&#8221;initial&#8221; background_position=&#8221;top_left&#8221; background_repeat=&#8221;repeat&#8221; image_icon_custom_padding=&#8221;25px|25px|25px|25px|false|false&#8221; text_orientation=&#8221;center&#8221; border_radii_image=&#8221;on|100%|100%|100%|100%&#8221; border_width_all_image=&#8221;3px&#8221; border_color_all_image=&#8221;#f7f7f7&#8243; image_max_width=&#8221;none&#8221; use_circle=&#8221;on&#8221; use_circle_border=&#8221;on&#8221; circle_border_color=&#8221;#f7f7f7&#8243; circle_color=&#8221;#ffffff&#8221; global_colors_info=&#8221;{}&#8221; image_icon_background_color__sticky_enabled=&#8221;#7EBEC5&#8243; image_icon_background_color__sticky=&#8221;#7EBEC5&#8243;]<\/p>\n<div class=\"elementor-column elementor-col-33 elementor-top-column elementor-element elementor-element-dfa7345\" data-id=\"dfa7345\" data-element_type=\"column\">\n<div class=\"elementor-column-wrap elementor-element-populated\">\n<div class=\"elementor-widget-wrap\">\n<div class=\"elementor-element elementor-element-1adc477 elementor-widget elementor-widget-text-editor\" data-id=\"1adc477\" data-element_type=\"widget\" data-widget_type=\"text-editor.default\">\n<div class=\"elementor-widget-container\">\n<div class=\"elementor-text-editor elementor-clearfix\">\n<p><b>Bungalows in Corralejo<\/b><span> perfect for a weekend getaway just a few meters from the beach.<\/span><\/p>\n<\/div>\n<\/div>\n<\/div>\n<\/div>\n<\/div>\n<\/div>\n<div class=\"elementor-column elementor-col-33 elementor-top-column elementor-element elementor-element-aabb3af\" data-id=\"aabb3af\" data-element_type=\"column\">\n<div class=\"elementor-column-wrap elementor-element-populated\">\n<div class=\"elementor-widget-wrap\">\n<div class=\"elementor-element elementor-element-5313640 elementor-widget elementor-widget-heading\" data-id=\"5313640\" data-element_type=\"widget\" data-widget_type=\"heading.default\">\n<div class=\"elementor-widget-container\"><\/div>\n<\/div>\n<\/div>\n<\/div>\n<\/div>\n<p>[\/et_pb_blurb][\/et_pb_column][et_pb_column type=&#8221;1_3&#8243; _builder_version=&#8221;4.16&#8243; custom_padding=&#8221;|||&#8221; global_colors_info=&#8221;{}&#8221; custom_padding__hover=&#8221;|||&#8221;][et_pb_blurb title=&#8221;Villas with pool&#8221; use_icon=&#8221;on&#8221; font_icon=&#8221;&#xf5c5;||fa||900&#8243; icon_color=&#8221;#2ea3f2&#8243; image_icon_background_color=&#8221;#ffffff&#8221; image_icon_width=&#8221;48px&#8221; _builder_version=&#8221;4.23&#8243; background_size=&#8221;initial&#8221; background_position=&#8221;top_left&#8221; background_repeat=&#8221;repeat&#8221; image_icon_custom_padding=&#8221;25px|25px|25px|25px|false|false&#8221; text_orientation=&#8221;center&#8221; border_radii_image=&#8221;on|100%|100%|100%|100%&#8221; border_width_all_image=&#8221;3px&#8221; border_color_all_image=&#8221;#f7f7f7&#8243; use_circle=&#8221;on&#8221; use_circle_border=&#8221;on&#8221; circle_border_color=&#8221;#f7f7f7&#8243; circle_color=&#8221;#ffffff&#8221; global_colors_info=&#8221;{}&#8221; image_icon_background_color__sticky_enabled=&#8221;#7EBEC5&#8243; image_icon_background_color__sticky=&#8221;#7EBEC5&#8243;]<\/p>\n<p style=\"text-align: center;\"><b>Vacation villas with pool<\/b><span> for 6, 8 or more people to enjoy with family and friends barbecuing and planning excursions around the island.<\/span><\/p>\n<p>[\/et_pb_blurb][\/et_pb_column][\/et_pb_row][et_pb_row _builder_version=&#8221;4.16&#8243; background_size=&#8221;initial&#8221; background_position=&#8221;top_left&#8221; background_repeat=&#8221;repeat&#8221; global_colors_info=&#8221;{}&#8221;][et_pb_column type=&#8221;4_4&#8243; _builder_version=&#8221;4.16&#8243; custom_padding=&#8221;|||&#8221; global_colors_info=&#8221;{}&#8221; custom_padding__hover=&#8221;|||&#8221;][et_pb_cta title=&#8221;Contact us&#8221; button_url=&#8221;https:\/\/holidayshomefuerteventura.es\/contacto\/&#8221; button_text=&#8221;Contact us;&#8221; _builder_version=&#8221;4.23&#8243; background_color=&#8221;rgba(0,0,0,0.48)&#8221; background_image=&#8221;https:\/\/holidayshomefuerteventura.es\/wp-content\/uploads\/2023\/10\/contacto-jpg.webp&#8221; background_size=&#8221;initial&#8221; background_repeat=&#8221;repeat&#8221; background_blend=&#8221;overlay&#8221; global_colors_info=&#8221;{}&#8221; button_text_size__hover_enabled=&#8221;off&#8221; button_one_text_size__hover_enabled=&#8221;off&#8221; button_two_text_size__hover_enabled=&#8221;off&#8221; button_text_color__hover_enabled=&#8221;off&#8221; button_one_text_color__hover_enabled=&#8221;off&#8221; button_two_text_color__hover_enabled=&#8221;off&#8221; button_border_width__hover_enabled=&#8221;off&#8221; button_one_border_width__hover_enabled=&#8221;off&#8221; button_two_border_width__hover_enabled=&#8221;off&#8221; button_border_color__hover_enabled=&#8221;off&#8221; button_one_border_color__hover_enabled=&#8221;off&#8221; button_two_border_color__hover_enabled=&#8221;off&#8221; button_border_radius__hover_enabled=&#8221;off&#8221; button_one_border_radius__hover_enabled=&#8221;off&#8221; button_two_border_radius__hover_enabled=&#8221;off&#8221; button_letter_spacing__hover_enabled=&#8221;off&#8221; button_one_letter_spacing__hover_enabled=&#8221;off&#8221; button_two_letter_spacing__hover_enabled=&#8221;off&#8221; button_bg_color__hover_enabled=&#8221;off&#8221; button_one_bg_color__hover_enabled=&#8221;off&#8221; button_two_bg_color__hover_enabled=&#8221;off&#8221;]<\/p>\n<p>send us your inquiry we will be pleased to serve you!<\/p>\n<p>[\/et_pb_cta][\/et_pb_column][\/et_pb_row][\/et_pb_section][et_pb_section fb_built=&#8221;1&#8243; theme_builder_area=&#8221;post_content&#8221; _builder_version=&#8221;4.23&#8243; _module_preset=&#8221;default&#8221; global_module=&#8221;89&#8243; saved_tabs=&#8221;all&#8221;][et_pb_row _builder_version=&#8221;4.23&#8243; _module_preset=&#8221;default&#8221; theme_builder_area=&#8221;post_content&#8221;][et_pb_column _builder_version=&#8221;4.23&#8243; _module_preset=&#8221;default&#8221; type=&#8221;4_4&#8243; theme_builder_area=&#8221;post_content&#8221;][et_pb_image src=&#8221;https:\/\/holidayshomefuerteventura.es\/wp-content\/uploads\/2023\/10\/kit-digital-5-1.png&#8221; _builder_version=&#8221;4.23&#8243; _module_preset=&#8221;default&#8221; theme_builder_area=&#8221;post_content&#8221; alt=&#8221;kit digital 5 1&#8243; title_text=&#8221;kit digital 5 1&#8243; align=&#8221;center&#8221; width=&#8221;69%&#8221; hover_enabled=&#8221;0&#8243; sticky_enabled=&#8221;0&#8243;][\/et_pb_image][\/et_pb_column][\/et_pb_row][\/et_pb_section]<\/p>\n","protected":false},"excerpt":{"rendered":"<p>Looking for a long term rental option in Fuerteventura? In HolidaysHome we propose you 2 incredible accommodations in the area of Corralejo, north of Fuerteventura, where you can enjoy your days on the island with all the comforts send us your inquiry we will be pleased to serve you! Boutique Apartments to enjoy as a [&hellip;]<\/p>\n","protected":false},"author":1,"featured_media":0,"parent":0,"menu_order":0,"comment_status":"closed","ping_status":"closed","template":"","meta":{"_et_pb_use_builder":"on","_et_pb_old_content":"","_et_gb_content_width":"","footnotes":""},"class_list":["post-130","page","type-page","status-publish","hentry"],"yoast_head":"<!-- This site is optimized with the Yoast SEO plugin v25.9 - https:\/\/yoast.com\/wordpress\/plugins\/seo\/ -->\n<title>Home - Holidays Home Fuerteventura<\/title>\n<meta name=\"robots\" content=\"index, follow, max-snippet:-1, max-image-preview:large, max-video-preview:-1\" \/>\n<link rel=\"canonical\" href=\"https:\/\/holidayshomefuerteventura.es\/en\/\" \/>\n<meta property=\"og:locale\" content=\"en_US\" \/>\n<meta property=\"og:type\" content=\"article\" \/>\n<meta property=\"og:title\" content=\"Home - Holidays Home Fuerteventura\" \/>\n<meta property=\"og:description\" content=\"Looking for a long term rental option in Fuerteventura? In HolidaysHome we propose you 2 incredible accommodations in the area of Corralejo, north of Fuerteventura, where you can enjoy your days on the island with all the comforts send us your inquiry we will be pleased to serve you! Boutique Apartments to enjoy as a [&hellip;]\" \/>\n<meta property=\"og:url\" content=\"https:\/\/holidayshomefuerteventura.es\/en\/\" \/>\n<meta property=\"og:site_name\" content=\"Holidays Home Fuerteventura\" \/>\n<meta property=\"article:publisher\" content=\"https:\/\/www.facebook.com\/Holidayhomescanaryislands\/\" \/>\n<meta property=\"article:modified_time\" content=\"2023-10-27T14:12:05+00:00\" \/>\n<meta property=\"og:image\" content=\"https:\/\/holidayshomefuerteventura.es\/wp-content\/uploads\/2023\/10\/Logo-Holidays-Home-e1687245583250-1.png\" \/>\n\t<meta property=\"og:image:width\" content=\"288\" \/>\n\t<meta property=\"og:image:height\" content=\"120\" \/>\n\t<meta property=\"og:image:type\" content=\"image\/png\" \/>\n<meta name=\"twitter:card\" content=\"summary_large_image\" \/>\n<meta name=\"twitter:label1\" content=\"Est. reading time\" \/>\n\t<meta name=\"twitter:data1\" content=\"8 minutes\" \/>\n<script type=\"application\/ld+json\" class=\"yoast-schema-graph\">{\"@context\":\"https:\/\/schema.org\",\"@graph\":[{\"@type\":\"WebPage\",\"@id\":\"https:\/\/holidayshomefuerteventura.es\/en\/\",\"url\":\"https:\/\/holidayshomefuerteventura.es\/en\/\",\"name\":\"Home - Holidays Home Fuerteventura\",\"isPartOf\":{\"@id\":\"https:\/\/holidayshomefuerteventura.es\/en\/#website\"},\"datePublished\":\"2023-10-26T13:31:26+00:00\",\"dateModified\":\"2023-10-27T14:12:05+00:00\",\"breadcrumb\":{\"@id\":\"https:\/\/holidayshomefuerteventura.es\/en\/#breadcrumb\"},\"inLanguage\":\"en-US\",\"potentialAction\":[{\"@type\":\"ReadAction\",\"target\":[\"https:\/\/holidayshomefuerteventura.es\/en\/\"]}]},{\"@type\":\"BreadcrumbList\",\"@id\":\"https:\/\/holidayshomefuerteventura.es\/en\/#breadcrumb\",\"itemListElement\":[{\"@type\":\"ListItem\",\"position\":1,\"name\":\"Portada\",\"item\":\"https:\/\/holidayshomefuerteventura.es\/en\/\"},{\"@type\":\"ListItem\",\"position\":2,\"name\":\"Home\"}]},{\"@type\":\"WebSite\",\"@id\":\"https:\/\/holidayshomefuerteventura.es\/en\/#website\",\"url\":\"https:\/\/holidayshomefuerteventura.es\/en\/\",\"name\":\"Holidays Home Fuerteventura\",\"description\":\"HolidaysHome naci\u00f3 en 2009 y se ha consolidado como la mayor empresa de alquiler vacacional en Fuerteventura. A lo largo de estos 14 a\u00f1os hemos crecido, aumentando as\u00ed la selecci\u00f3n de propiedades vacacionales con villas, apartamentos y bungalows en los mejores lugares de Fuerteventura.\",\"publisher\":{\"@id\":\"https:\/\/holidayshomefuerteventura.es\/en\/#organization\"},\"alternateName\":\"Casa de Vacaciones Fuerteventura\",\"potentialAction\":[{\"@type\":\"SearchAction\",\"target\":{\"@type\":\"EntryPoint\",\"urlTemplate\":\"https:\/\/holidayshomefuerteventura.es\/en\/?s={search_term_string}\"},\"query-input\":{\"@type\":\"PropertyValueSpecification\",\"valueRequired\":true,\"valueName\":\"search_term_string\"}}],\"inLanguage\":\"en-US\"},{\"@type\":\"Organization\",\"@id\":\"https:\/\/holidayshomefuerteventura.es\/en\/#organization\",\"name\":\"Holidays Home Fuerteventura\",\"alternateName\":\"Casa de Vacaciones Fuerteventura\",\"url\":\"https:\/\/holidayshomefuerteventura.es\/en\/\",\"logo\":{\"@type\":\"ImageObject\",\"inLanguage\":\"en-US\",\"@id\":\"https:\/\/holidayshomefuerteventura.es\/en\/#\/schema\/logo\/image\/\",\"url\":\"https:\/\/holidayshomefuerteventura.es\/wp-content\/uploads\/2023\/10\/Logo-Holidays-Home-e1687245583250-1.png\",\"contentUrl\":\"https:\/\/holidayshomefuerteventura.es\/wp-content\/uploads\/2023\/10\/Logo-Holidays-Home-e1687245583250-1.png\",\"width\":288,\"height\":120,\"caption\":\"Holidays Home Fuerteventura\"},\"image\":{\"@id\":\"https:\/\/holidayshomefuerteventura.es\/en\/#\/schema\/logo\/image\/\"},\"sameAs\":[\"https:\/\/www.facebook.com\/Holidayhomescanaryislands\/\",\"https:\/\/www.instagram.com\/holidayhomescanaryislands\/\"]}]}<\/script>\n<!-- \/ Yoast SEO plugin. -->","yoast_head_json":{"title":"Home - Holidays Home Fuerteventura","robots":{"index":"index","follow":"follow","max-snippet":"max-snippet:-1","max-image-preview":"max-image-preview:large","max-video-preview":"max-video-preview:-1"},"canonical":"https:\/\/holidayshomefuerteventura.es\/en\/","og_locale":"en_US","og_type":"article","og_title":"Home - Holidays Home Fuerteventura","og_description":"Looking for a long term rental option in Fuerteventura? In HolidaysHome we propose you 2 incredible accommodations in the area of Corralejo, north of Fuerteventura, where you can enjoy your days on the island with all the comforts send us your inquiry we will be pleased to serve you! Boutique Apartments to enjoy as a [&hellip;]","og_url":"https:\/\/holidayshomefuerteventura.es\/en\/","og_site_name":"Holidays Home Fuerteventura","article_publisher":"https:\/\/www.facebook.com\/Holidayhomescanaryislands\/","article_modified_time":"2023-10-27T14:12:05+00:00","og_image":[{"width":288,"height":120,"url":"https:\/\/holidayshomefuerteventura.es\/wp-content\/uploads\/2023\/10\/Logo-Holidays-Home-e1687245583250-1.png","type":"image\/png"}],"twitter_card":"summary_large_image","twitter_misc":{"Est. reading time":"8 minutes"},"schema":{"@context":"https:\/\/schema.org","@graph":[{"@type":"WebPage","@id":"https:\/\/holidayshomefuerteventura.es\/en\/","url":"https:\/\/holidayshomefuerteventura.es\/en\/","name":"Home - Holidays Home Fuerteventura","isPartOf":{"@id":"https:\/\/holidayshomefuerteventura.es\/en\/#website"},"datePublished":"2023-10-26T13:31:26+00:00","dateModified":"2023-10-27T14:12:05+00:00","breadcrumb":{"@id":"https:\/\/holidayshomefuerteventura.es\/en\/#breadcrumb"},"inLanguage":"en-US","potentialAction":[{"@type":"ReadAction","target":["https:\/\/holidayshomefuerteventura.es\/en\/"]}]},{"@type":"BreadcrumbList","@id":"https:\/\/holidayshomefuerteventura.es\/en\/#breadcrumb","itemListElement":[{"@type":"ListItem","position":1,"name":"Portada","item":"https:\/\/holidayshomefuerteventura.es\/en\/"},{"@type":"ListItem","position":2,"name":"Home"}]},{"@type":"WebSite","@id":"https:\/\/holidayshomefuerteventura.es\/en\/#website","url":"https:\/\/holidayshomefuerteventura.es\/en\/","name":"Holidays Home Fuerteventura","description":"HolidaysHome naci\u00f3 en 2009 y se ha consolidado como la mayor empresa de alquiler vacacional en Fuerteventura. A lo largo de estos 14 a\u00f1os hemos crecido, aumentando as\u00ed la selecci\u00f3n de propiedades vacacionales con villas, apartamentos y bungalows en los mejores lugares de Fuerteventura.","publisher":{"@id":"https:\/\/holidayshomefuerteventura.es\/en\/#organization"},"alternateName":"Casa de Vacaciones Fuerteventura","potentialAction":[{"@type":"SearchAction","target":{"@type":"EntryPoint","urlTemplate":"https:\/\/holidayshomefuerteventura.es\/en\/?s={search_term_string}"},"query-input":{"@type":"PropertyValueSpecification","valueRequired":true,"valueName":"search_term_string"}}],"inLanguage":"en-US"},{"@type":"Organization","@id":"https:\/\/holidayshomefuerteventura.es\/en\/#organization","name":"Holidays Home Fuerteventura","alternateName":"Casa de Vacaciones Fuerteventura","url":"https:\/\/holidayshomefuerteventura.es\/en\/","logo":{"@type":"ImageObject","inLanguage":"en-US","@id":"https:\/\/holidayshomefuerteventura.es\/en\/#\/schema\/logo\/image\/","url":"https:\/\/holidayshomefuerteventura.es\/wp-content\/uploads\/2023\/10\/Logo-Holidays-Home-e1687245583250-1.png","contentUrl":"https:\/\/holidayshomefuerteventura.es\/wp-content\/uploads\/2023\/10\/Logo-Holidays-Home-e1687245583250-1.png","width":288,"height":120,"caption":"Holidays Home Fuerteventura"},"image":{"@id":"https:\/\/holidayshomefuerteventura.es\/en\/#\/schema\/logo\/image\/"},"sameAs":["https:\/\/www.facebook.com\/Holidayhomescanaryislands\/","https:\/\/www.instagram.com\/holidayhomescanaryislands\/"]}]}},"_links":{"self":[{"href":"https:\/\/holidayshomefuerteventura.es\/en\/wp-json\/wp\/v2\/pages\/130","targetHints":{"allow":["GET"]}}],"collection":[{"href":"https:\/\/holidayshomefuerteventura.es\/en\/wp-json\/wp\/v2\/pages"}],"about":[{"href":"https:\/\/holidayshomefuerteventura.es\/en\/wp-json\/wp\/v2\/types\/page"}],"author":[{"embeddable":true,"href":"https:\/\/holidayshomefuerteventura.es\/en\/wp-json\/wp\/v2\/users\/1"}],"replies":[{"embeddable":true,"href":"https:\/\/holidayshomefuerteventura.es\/en\/wp-json\/wp\/v2\/comments?post=130"}],"version-history":[{"count":7,"href":"https:\/\/holidayshomefuerteventura.es\/en\/wp-json\/wp\/v2\/pages\/130\/revisions"}],"predecessor-version":[{"id":139,"href":"https:\/\/holidayshomefuerteventura.es\/en\/wp-json\/wp\/v2\/pages\/130\/revisions\/139"}],"wp:attachment":[{"href":"https:\/\/holidayshomefuerteventura.es\/en\/wp-json\/wp\/v2\/media?parent=130"}],"curies":[{"name":"wp","href":"https:\/\/api.w.org\/{rel}","templated":true}]}}